{"id":27518,"date":"2022-01-12T17:06:45","date_gmt":"2022-01-12T16:06:45","guid":{"rendered":"https:\/\/lumix.prova.cat\/?page_id=27518"},"modified":"2022-01-12T17:06:46","modified_gmt":"2022-01-12T16:06:46","slug":"registra-tu-producto-lumix","status":"publish","type":"page","link":"https:\/\/blog.panasonic.es\/lumix\/registra-tu-producto-lumix\/","title":{"rendered":"Registra tu producto Lumix"},"content":{"rendered":"\t\t<div data-elementor-type=\"wp-page\" data-elementor-id=\"27518\" class=\"elementor elementor-27518\" data-elementor-post-type=\"page\">\n\t\t\t\t\t\t<section class=\"elementor-section elementor-top-section elementor-element elementor-element-6e41fa1 elementor-section-boxed elementor-section-height-default elementor-section-height-default\" data-id=\"6e41fa1\" data-element_type=\"section\" data-e-type=\"section\">\n\t\t\t\t\t\t<div class=\"elementor-container elementor-column-gap-default\">\n\t\t\t\t\t<div class=\"elementor-column elementor-col-100 elementor-top-column elementor-element elementor-element-293ed5f\" data-id=\"293ed5f\" data-element_type=\"column\" data-e-type=\"column\">\n\t\t\t<div class=\"elementor-widget-wrap\">\n\t\t\t\t\t\t\t<\/div>\n\t\t<\/div>\n\t\t\t\t\t<\/div>\n\t\t<\/section>\n\t\t\t\t<section class=\"elementor-section elementor-top-section elementor-element elementor-element-d698404 elementor-section-height-min-height elementor-section-boxed elementor-section-height-default elementor-section-items-middle\" data-id=\"d698404\" data-element_type=\"section\" data-e-type=\"section\" data-settings=\"{&quot;background_background&quot;:&quot;classic&quot;}\">\n\t\t\t\t\t\t\t<div class=\"elementor-background-overlay\"><\/div>\n\t\t\t\t\t\t\t<div class=\"elementor-container elementor-column-gap-default\">\n\t\t\t\t\t<div class=\"elementor-column elementor-col-100 elementor-top-column elementor-element elementor-element-2ab92741\" data-id=\"2ab92741\" data-element_type=\"column\" data-e-type=\"column\">\n\t\t\t<div class=\"elementor-widget-wrap elementor-element-populated\">\n\t\t\t\t\t\t<div class=\"elementor-element elementor-element-1bd0ac80 cld__breadcrumbs elementor-widget elementor-widget-breadcrumbs\" data-id=\"1bd0ac80\" data-element_type=\"widget\" data-e-type=\"widget\" data-settings=\"{&quot;sticky&quot;:&quot;top&quot;,&quot;sticky_offset&quot;:100,&quot;sticky_effects_offset&quot;:100,&quot;sticky_on&quot;:[&quot;desktop&quot;,&quot;tablet_extra&quot;,&quot;tablet&quot;,&quot;mobile&quot;],&quot;sticky_anchor_link_offset&quot;:0}\" data-widget_type=\"breadcrumbs.default\">\n\t\t\t\t<div class=\"elementor-widget-container\">\n\t\t\t\t\t<p id=\"breadcrumbs\"><span><span><a href=\"https:\/\/blog.panasonic.es\/lumix\/\">Home<\/a><\/span><\/span><\/p>\t\t\t\t<\/div>\n\t\t\t\t<\/div>\n\t\t\t\t<div class=\"elementor-element elementor-element-7abe6a0 elementor-widget__width-initial elementor-cta--layout-image-left elementor-cta--skin-classic elementor-animated-content elementor-bg-transform elementor-bg-transform-zoom-in elementor-widget elementor-widget-call-to-action\" data-id=\"7abe6a0\" data-element_type=\"widget\" data-e-type=\"widget\" data-widget_type=\"call-to-action.default\">\n\t\t\t\t<div class=\"elementor-widget-container\">\n\t\t\t\t\t\t\t<div class=\"elementor-cta\">\n\t\t\t\t\t\t\t<div class=\"elementor-cta__content\">\n\t\t\t\t\n\t\t\t\t\t\t\t\t\t<h2 class=\"elementor-cta__title elementor-cta__content-item elementor-content-item\">\n\t\t\t\t\t\tRegistra tu producto Lumix\t\t\t\t\t<\/h2>\n\t\t\t\t\n\t\t\t\t\t\t\t\t\t<div class=\"elementor-cta__description elementor-cta__content-item elementor-content-item\">\n\t\t\t\t\t\tDisfruta de ventajas y servicios exclusivos\t\t\t\t\t<\/div>\n\t\t\t\t\n\t\t\t\t\t\t\t<\/div>\n\t\t\t\t\t\t<\/div>\n\t\t\t\t\t\t<\/div>\n\t\t\t\t<\/div>\n\t\t\t\t\t<\/div>\n\t\t<\/div>\n\t\t\t\t\t<\/div>\n\t\t<\/section>\n\t\t\t\t<section class=\"elementor-section elementor-top-section elementor-element elementor-element-c0cb382 elementor-section-boxed elementor-section-height-default elementor-section-height-default\" data-id=\"c0cb382\" data-element_type=\"section\" data-e-type=\"section\" data-settings=\"{&quot;background_background&quot;:&quot;classic&quot;}\">\n\t\t\t\t\t\t\t<div class=\"elementor-background-overlay\"><\/div>\n\t\t\t\t\t\t\t<div class=\"elementor-container elementor-column-gap-default\">\n\t\t\t\t\t<div class=\"elementor-column elementor-col-33 elementor-top-column elementor-element elementor-element-b23073e\" data-id=\"b23073e\" data-element_type=\"column\" data-e-type=\"column\">\n\t\t\t<div class=\"elementor-widget-wrap elementor-element-populated\">\n\t\t\t\t\t\t<div class=\"elementor-element elementor-element-a495786 elementor-widget elementor-widget-text-editor\" data-id=\"a495786\" data-element_type=\"widget\" data-e-type=\"widget\" data-widget_type=\"text-editor.default\">\n\t\t\t\t<div class=\"elementor-widget-container\">\n\t\t\t\t\t\t\t\t\t<p><strong>Gestiona tus productos<\/strong><\/p><p>Accede a toda la informaci\u00f3n y caracter\u00edsticas t\u00e9cnicas de tus productos registrados y ten a mano las garant\u00edas y todos los servicios de Panasonic en un \u00fanico sitio.<\/p><p>\u00a0<\/p>\t\t\t\t\t\t\t\t<\/div>\n\t\t\t\t<\/div>\n\t\t\t\t\t<\/div>\n\t\t<\/div>\n\t\t\t\t<div class=\"elementor-column elementor-col-33 elementor-top-column elementor-element elementor-element-e0953c9\" data-id=\"e0953c9\" data-element_type=\"column\" data-e-type=\"column\">\n\t\t\t<div class=\"elementor-widget-wrap elementor-element-populated\">\n\t\t\t\t\t\t<div class=\"elementor-element elementor-element-18d19fe elementor-widget elementor-widget-text-editor\" data-id=\"18d19fe\" data-element_type=\"widget\" data-e-type=\"widget\" data-widget_type=\"text-editor.default\">\n\t\t\t\t<div class=\"elementor-widget-container\">\n\t\t\t\t\t\t\t\t\t<p><strong>Recibe asistencia personalizada<\/strong><\/p><p>Manuales, v\u00eddeos y asistencia individualizada por tel\u00e9fono o correo electr\u00f3nico para resolver tus dudas de forma r\u00e1pida y sencilla.<\/p><p>\u00a0<\/p>\t\t\t\t\t\t\t\t<\/div>\n\t\t\t\t<\/div>\n\t\t\t\t\t<\/div>\n\t\t<\/div>\n\t\t\t\t<div class=\"elementor-column elementor-col-33 elementor-top-column elementor-element elementor-element-8677fc5\" data-id=\"8677fc5\" data-element_type=\"column\" data-e-type=\"column\">\n\t\t\t<div class=\"elementor-widget-wrap elementor-element-populated\">\n\t\t\t\t\t\t<div class=\"elementor-element elementor-element-81210f0 elementor-widget elementor-widget-text-editor\" data-id=\"81210f0\" data-element_type=\"widget\" data-e-type=\"widget\" data-widget_type=\"text-editor.default\">\n\t\t\t\t<div class=\"elementor-widget-container\">\n\t\t\t\t\t\t\t\t\t<p><strong>Inf\u00f3rmate de todas las novedades<\/strong><\/p><p><br \/>Lanzamientos, actualizaciones de firmware, promociones, acciones especiales\u2026 s\u00e9 el primero en conocer lo m\u00e1s nuevo de LUMIX.<\/p><p>\u00a0<\/p>\t\t\t\t\t\t\t\t<\/div>\n\t\t\t\t<\/div>\n\t\t\t\t\t<\/div>\n\t\t<\/div>\n\t\t\t\t\t<\/div>\n\t\t<\/section>\n\t\t\t\t<section class=\"elementor-section elementor-top-section elementor-element elementor-element-4b2d5d8b elementor-section-boxed elementor-section-height-default elementor-section-height-default\" data-id=\"4b2d5d8b\" data-element_type=\"section\" data-e-type=\"section\" data-settings=\"{&quot;background_background&quot;:&quot;classic&quot;}\">\n\t\t\t\t\t\t<div class=\"elementor-container elementor-column-gap-default\">\n\t\t\t\t\t<div class=\"elementor-column elementor-col-100 elementor-top-column elementor-element elementor-element-6b7d7982 cld__overflow--hidden\" data-id=\"6b7d7982\" data-element_type=\"column\" data-e-type=\"column\" data-settings=\"{&quot;background_background&quot;:&quot;classic&quot;}\">\n\t\t\t<div class=\"elementor-widget-wrap elementor-element-populated\">\n\t\t\t\t\t<div class=\"elementor-background-overlay\"><\/div>\n\t\t\t\t\t\t<div class=\"elementor-element elementor-element-143413a8 elementor-widget elementor-widget-heading\" data-id=\"143413a8\" data-element_type=\"widget\" data-e-type=\"widget\" data-widget_type=\"heading.default\">\n\t\t\t\t<div class=\"elementor-widget-container\">\n\t\t\t\t\t<h2 class=\"elementor-heading-title elementor-size-default\">LUMIX PRO<\/h2>\t\t\t\t<\/div>\n\t\t\t\t<\/div>\n\t\t\t\t<div class=\"elementor-element elementor-element-dd0d929 elementor-widget elementor-widget-text-editor\" data-id=\"dd0d929\" data-element_type=\"widget\" data-e-type=\"widget\" data-widget_type=\"text-editor.default\">\n\t\t\t\t<div class=\"elementor-widget-container\">\n\t\t\t\t\t\t\t\t\t<p><strong>Requisito m\u00ednimo: 1 CUERPO de una selecci\u00f3n de c\u00e1maras* + 1 OBJETIVO<\/strong><\/p><p>Si eres un fot\u00f3grafo, realizador, vlogger o blogger con ganas de desarrollar todo tu potencial creativo, te invitamos a unirte a LUMIX Pro. Con el \u00fanico requisito de tener 1 c\u00e1mara LUMIX* y 1 objetivo, te proporciona ventajas exclusivas como tiempos de entrega m\u00e1s r\u00e1pidos, ampliaciones de garant\u00eda y asesoramiento profesional.<\/p>\t\t\t\t\t\t\t\t<\/div>\n\t\t\t\t<\/div>\n\t\t\t\t\t<\/div>\n\t\t<\/div>\n\t\t\t\t\t<\/div>\n\t\t<\/section>\n\t\t\t\t<section class=\"elementor-section elementor-top-section elementor-element elementor-element-2e5c20d elementor-section-boxed elementor-section-height-default elementor-section-height-default\" data-id=\"2e5c20d\" data-element_type=\"section\" data-e-type=\"section\">\n\t\t\t\t\t\t\t<div class=\"elementor-background-overlay\"><\/div>\n\t\t\t\t\t\t\t<div class=\"elementor-container elementor-column-gap-default\">\n\t\t\t\t\t<div class=\"elementor-column elementor-col-66 elementor-top-column elementor-element elementor-element-155541d\" data-id=\"155541d\" data-element_type=\"column\" data-e-type=\"column\">\n\t\t\t<div class=\"elementor-widget-wrap elementor-element-populated\">\n\t\t\t\t\t\t<div class=\"elementor-element elementor-element-70c0c47 elementor-widget elementor-widget-text-editor\" data-id=\"70c0c47\" data-element_type=\"widget\" data-e-type=\"widget\" data-widget_type=\"text-editor.default\">\n\t\t\t\t<div class=\"elementor-widget-container\">\n\t\t\t\t\t\t\t\t\t<p>*C\u00e1maras del servicio LUMIX Pro:<\/p><ul><li>Serie G: G80, G9, GH5M2\/GH5M2M\/GH5M2L, GH5, GH5S, GH4\/GH4R<\/li><li>Serie S: S1, S1R, S1H, S5\/S5K<\/li><li>Formato Box: BGH1, BS1H<\/li><\/ul>\t\t\t\t\t\t\t\t<\/div>\n\t\t\t\t<\/div>\n\t\t\t\t\t<\/div>\n\t\t<\/div>\n\t\t\t\t<div class=\"elementor-column elementor-col-33 elementor-top-column elementor-element elementor-element-849d9b3\" data-id=\"849d9b3\" data-element_type=\"column\" data-e-type=\"column\">\n\t\t\t<div class=\"elementor-widget-wrap elementor-element-populated\">\n\t\t\t\t\t\t<div class=\"elementor-element elementor-element-f6c8b55 elementor-widget elementor-widget-category-card\" data-id=\"f6c8b55\" data-element_type=\"widget\" data-e-type=\"widget\" data-widget_type=\"category-card.default\">\n\t\t\t\t<div class=\"elementor-widget-container\">\n\t\t\t\t\t<article class=\"cld__category-card__onecolumn\">\n    <img decoding=\"async\"\n        src=\"\"\n        alt=\"\"\n        width=\"\"\n        height=\"\"\n    \/>\n    <div class=\"cld__category-card__content\">\n        <p class=\"cld__category-card__subtitle\"><\/p>\n        <h2 class=\"cld__category-card__title\"><\/h2>\n        <p class=\"cld__category-card__text\"><\/p>\n        <a class=\"cld__category-card__btn\" href=\"https:\/\/lumixpro.panasonic.eu\/#\/login?lan=es_ES\">Registrar producto en LUMIX PRO<\/a>\n    <\/div>\n<\/article>\t\t\t\t<\/div>\n\t\t\t\t<\/div>\n\t\t\t\t\t<\/div>\n\t\t<\/div>\n\t\t\t\t\t<\/div>\n\t\t<\/section>\n\t\t\t\t<section class=\"elementor-section elementor-top-section elementor-element elementor-element-a07b897 elementor-section-boxed elementor-section-height-default elementor-section-height-default\" data-id=\"a07b897\" data-element_type=\"section\" data-e-type=\"section\" data-settings=\"{&quot;background_background&quot;:&quot;classic&quot;}\">\n\t\t\t\t\t\t<div class=\"elementor-container elementor-column-gap-default\">\n\t\t\t\t\t<div class=\"elementor-column elementor-col-100 elementor-top-column elementor-element elementor-element-9c05f04 cld__overflow--hidden\" data-id=\"9c05f04\" data-element_type=\"column\" data-e-type=\"column\">\n\t\t\t<div class=\"elementor-widget-wrap elementor-element-populated\">\n\t\t\t\t\t\t<div class=\"elementor-element elementor-element-3eec0c0 elementor-widget elementor-widget-heading\" data-id=\"3eec0c0\" data-element_type=\"widget\" data-e-type=\"widget\" data-widget_type=\"heading.default\">\n\t\t\t\t<div class=\"elementor-widget-container\">\n\t\t\t\t\t<h2 class=\"elementor-heading-title elementor-size-default\">MY PANASONIC<\/h2>\t\t\t\t<\/div>\n\t\t\t\t<\/div>\n\t\t\t\t\t<\/div>\n\t\t<\/div>\n\t\t\t\t\t<\/div>\n\t\t<\/section>\n\t\t\t\t<section class=\"elementor-section elementor-top-section elementor-element elementor-element-2ba9007 elementor-section-boxed elementor-section-height-default elementor-section-height-default\" data-id=\"2ba9007\" data-element_type=\"section\" data-e-type=\"section\" data-settings=\"{&quot;background_background&quot;:&quot;classic&quot;}\">\n\t\t\t\t\t\t<div class=\"elementor-container elementor-column-gap-default\">\n\t\t\t\t\t<div class=\"elementor-column elementor-col-66 elementor-top-column elementor-element elementor-element-3bea81c\" data-id=\"3bea81c\" data-element_type=\"column\" data-e-type=\"column\">\n\t\t\t<div class=\"elementor-widget-wrap elementor-element-populated\">\n\t\t\t\t\t\t<div class=\"elementor-element elementor-element-aeef157 elementor-widget elementor-widget-text-editor\" data-id=\"aeef157\" data-element_type=\"widget\" data-e-type=\"widget\" data-widget_type=\"text-editor.default\">\n\t\t\t\t<div class=\"elementor-widget-container\">\n\t\t\t\t\t\t\t\t\t<p>Si tu c\u00e1mara no se incluye en el servicio LUMIX Pro* o solo dispones de un cuerpo de c\u00e1mara o de un objetivo, registra tu producto en My Panasonic y sigue disfrutando de ventajas espec\u00edficas.<\/p>\t\t\t\t\t\t\t\t<\/div>\n\t\t\t\t<\/div>\n\t\t\t\t\t<\/div>\n\t\t<\/div>\n\t\t\t\t<div class=\"elementor-column elementor-col-33 elementor-top-column elementor-element elementor-element-3b9c1f5\" data-id=\"3b9c1f5\" data-element_type=\"column\" data-e-type=\"column\">\n\t\t\t<div class=\"elementor-widget-wrap elementor-element-populated\">\n\t\t\t\t\t\t<div class=\"elementor-element elementor-element-1f3dfb1 elementor-widget elementor-widget-category-card\" data-id=\"1f3dfb1\" data-element_type=\"widget\" data-e-type=\"widget\" data-widget_type=\"category-card.default\">\n\t\t\t\t<div class=\"elementor-widget-container\">\n\t\t\t\t\t<article class=\"cld__category-card__onecolumn\">\n    <img decoding=\"async\"\n        src=\"\"\n        alt=\"\"\n        width=\"\"\n        height=\"\"\n    \/>\n    <div class=\"cld__category-card__content\">\n        <p class=\"cld__category-card__subtitle\"><\/p>\n        <h2 class=\"cld__category-card__title\"><\/h2>\n        <p class=\"cld__category-card__text\"><\/p>\n        <a class=\"cld__category-card__btn\" href=\"https:\/\/my.panasonic.eu\/#\/login?lan=es_ES\">Registrar producto en My Panasonic<\/a>\n    <\/div>\n<\/article>\t\t\t\t<\/div>\n\t\t\t\t<\/div>\n\t\t\t\t\t<\/div>\n\t\t<\/div>\n\t\t\t\t\t<\/div>\n\t\t<\/section>\n\t\t\t\t<\/div>\n\t\t","protected":false},"excerpt":{"rendered":"<p>Registra tu producto Lumix Disfruta de ventajas y servicios exclusivos Gestiona tus productos Accede a toda la informaci\u00f3n y caracter\u00edsticas t\u00e9cnicas de tus productos registrados y ten a mano las garant\u00edas y todos los servicios de Panasonic en un \u00fanico sitio. Recibe asistencia personalizada Manuales, v\u00eddeos y asistencia individualizada por tel\u00e9fono o correo electr\u00f3nico para &#8230; <a title=\"Registra tu producto Lumix\" class=\"read-more\" href=\"https:\/\/blog.panasonic.es\/lumix\/registra-tu-producto-lumix\/\" aria-label=\"Leer m\u00e1s sobre Registra tu producto Lumix\">Leer m\u00e1s<\/a><\/p>\n","protected":false},"author":5,"featured_media":0,"parent":0,"menu_order":0,"comment_status":"closed","ping_status":"closed","template":"","meta":{"_acf_changed":false,"footnotes":""},"class_list":["post-27518","page","type-page","status-publish"],"acf":[],"yoast_head":"<!-- This site is optimized with the Yoast SEO plugin v27.4 - https:\/\/yoast.com\/product\/yoast-seo-wordpress\/ -->\n<title>Registra tu producto Lumix - Lumix<\/title>\n<meta name=\"description\" content=\"Registra tu producto en My Panasonic o Lumix Pro para beneficiarte de todas las ventajas que ofrece Lumix\" \/>\n<meta name=\"robots\" content=\"index, follow, max-snippet:-1, max-image-preview:large, max-video-preview:-1\" \/>\n<link rel=\"canonical\" href=\"https:\/\/blog.panasonic.es\/lumix\/registra-tu-producto-lumix\/\" \/>\n<meta property=\"og:locale\" content=\"es_ES\" \/>\n<meta property=\"og:type\" content=\"article\" \/>\n<meta property=\"og:title\" content=\"Registra tu producto Lumix - Lumix\" \/>\n<meta property=\"og:description\" content=\"Registra tu producto en My Panasonic o Lumix Pro para beneficiarte de todas las ventajas que ofrece Lumix\" \/>\n<meta property=\"og:url\" content=\"https:\/\/blog.panasonic.es\/lumix\/registra-tu-producto-lumix\/\" \/>\n<meta property=\"og:site_name\" content=\"Lumix\" \/>\n<meta property=\"article:modified_time\" content=\"2022-01-12T16:06:46+00:00\" \/>\n<meta name=\"twitter:card\" content=\"summary_large_image\" \/>\n<script type=\"application\/ld+json\" class=\"yoast-schema-graph\">{\"@context\":\"https:\\\/\\\/schema.org\",\"@graph\":[{\"@type\":\"WebPage\",\"@id\":\"https:\\\/\\\/blog.panasonic.es\\\/lumix\\\/registra-tu-producto-lumix\\\/\",\"url\":\"https:\\\/\\\/blog.panasonic.es\\\/lumix\\\/registra-tu-producto-lumix\\\/\",\"name\":\"Registra tu producto Lumix - Lumix\",\"isPartOf\":{\"@id\":\"https:\\\/\\\/blog.panasonic.es\\\/lumix\\\/#website\"},\"datePublished\":\"2022-01-12T16:06:45+00:00\",\"dateModified\":\"2022-01-12T16:06:46+00:00\",\"description\":\"Registra tu producto en My Panasonic o Lumix Pro para beneficiarte de todas las ventajas que ofrece Lumix\",\"breadcrumb\":{\"@id\":\"https:\\\/\\\/blog.panasonic.es\\\/lumix\\\/registra-tu-producto-lumix\\\/#breadcrumb\"},\"inLanguage\":\"es\",\"potentialAction\":[{\"@type\":\"ReadAction\",\"target\":[\"https:\\\/\\\/blog.panasonic.es\\\/lumix\\\/registra-tu-producto-lumix\\\/\"]}]},{\"@type\":\"BreadcrumbList\",\"@id\":\"https:\\\/\\\/blog.panasonic.es\\\/lumix\\\/registra-tu-producto-lumix\\\/#breadcrumb\",\"itemListElement\":[{\"@type\":\"ListItem\",\"position\":1,\"name\":\"Home\",\"item\":\"https:\\\/\\\/blog.panasonic.es\\\/lumix\\\/\"},{\"@type\":\"ListItem\",\"position\":2,\"name\":\"Registra tu producto Lumix\"}]},{\"@type\":\"WebSite\",\"@id\":\"https:\\\/\\\/blog.panasonic.es\\\/lumix\\\/#website\",\"url\":\"https:\\\/\\\/blog.panasonic.es\\\/lumix\\\/\",\"name\":\"Lumix\",\"description\":\"LUMIX, Motion. Picture. Perfect\",\"publisher\":{\"@id\":\"https:\\\/\\\/blog.panasonic.es\\\/lumix\\\/#organization\"},\"potentialAction\":[{\"@type\":\"SearchAction\",\"target\":{\"@type\":\"EntryPoint\",\"urlTemplate\":\"https:\\\/\\\/blog.panasonic.es\\\/lumix\\\/?s={search_term_string}\"},\"query-input\":{\"@type\":\"PropertyValueSpecification\",\"valueRequired\":true,\"valueName\":\"search_term_string\"}}],\"inLanguage\":\"es\"},{\"@type\":\"Organization\",\"@id\":\"https:\\\/\\\/blog.panasonic.es\\\/lumix\\\/#organization\",\"name\":\"Lumix\",\"url\":\"https:\\\/\\\/blog.panasonic.es\\\/lumix\\\/\",\"logo\":{\"@type\":\"ImageObject\",\"inLanguage\":\"es\",\"@id\":\"https:\\\/\\\/blog.panasonic.es\\\/lumix\\\/#\\\/schema\\\/logo\\\/image\\\/\",\"url\":\"https:\\\/\\\/blog.panasonic.es\\\/lumix\\\/wp-content\\\/uploads\\\/2021\\\/09\\\/logo-blanco.svg\",\"contentUrl\":\"https:\\\/\\\/blog.panasonic.es\\\/lumix\\\/wp-content\\\/uploads\\\/2021\\\/09\\\/logo-blanco.svg\",\"width\":309,\"height\":38,\"caption\":\"Lumix\"},\"image\":{\"@id\":\"https:\\\/\\\/blog.panasonic.es\\\/lumix\\\/#\\\/schema\\\/logo\\\/image\\\/\"}}]}<\/script>\n<!-- \/ Yoast SEO plugin. -->","yoast_head_json":{"title":"Registra tu producto Lumix - Lumix","description":"Registra tu producto en My Panasonic o Lumix Pro para beneficiarte de todas las ventajas que ofrece Lumix","robots":{"index":"index","follow":"follow","max-snippet":"max-snippet:-1","max-image-preview":"max-image-preview:large","max-video-preview":"max-video-preview:-1"},"canonical":"https:\/\/blog.panasonic.es\/lumix\/registra-tu-producto-lumix\/","og_locale":"es_ES","og_type":"article","og_title":"Registra tu producto Lumix - Lumix","og_description":"Registra tu producto en My Panasonic o Lumix Pro para beneficiarte de todas las ventajas que ofrece Lumix","og_url":"https:\/\/blog.panasonic.es\/lumix\/registra-tu-producto-lumix\/","og_site_name":"Lumix","article_modified_time":"2022-01-12T16:06:46+00:00","twitter_card":"summary_large_image","schema":{"@context":"https:\/\/schema.org","@graph":[{"@type":"WebPage","@id":"https:\/\/blog.panasonic.es\/lumix\/registra-tu-producto-lumix\/","url":"https:\/\/blog.panasonic.es\/lumix\/registra-tu-producto-lumix\/","name":"Registra tu producto Lumix - Lumix","isPartOf":{"@id":"https:\/\/blog.panasonic.es\/lumix\/#website"},"datePublished":"2022-01-12T16:06:45+00:00","dateModified":"2022-01-12T16:06:46+00:00","description":"Registra tu producto en My Panasonic o Lumix Pro para beneficiarte de todas las ventajas que ofrece Lumix","breadcrumb":{"@id":"https:\/\/blog.panasonic.es\/lumix\/registra-tu-producto-lumix\/#breadcrumb"},"inLanguage":"es","potentialAction":[{"@type":"ReadAction","target":["https:\/\/blog.panasonic.es\/lumix\/registra-tu-producto-lumix\/"]}]},{"@type":"BreadcrumbList","@id":"https:\/\/blog.panasonic.es\/lumix\/registra-tu-producto-lumix\/#breadcrumb","itemListElement":[{"@type":"ListItem","position":1,"name":"Home","item":"https:\/\/blog.panasonic.es\/lumix\/"},{"@type":"ListItem","position":2,"name":"Registra tu producto Lumix"}]},{"@type":"WebSite","@id":"https:\/\/blog.panasonic.es\/lumix\/#website","url":"https:\/\/blog.panasonic.es\/lumix\/","name":"Lumix","description":"LUMIX, Motion. Picture. Perfect","publisher":{"@id":"https:\/\/blog.panasonic.es\/lumix\/#organization"},"potentialAction":[{"@type":"SearchAction","target":{"@type":"EntryPoint","urlTemplate":"https:\/\/blog.panasonic.es\/lumix\/?s={search_term_string}"},"query-input":{"@type":"PropertyValueSpecification","valueRequired":true,"valueName":"search_term_string"}}],"inLanguage":"es"},{"@type":"Organization","@id":"https:\/\/blog.panasonic.es\/lumix\/#organization","name":"Lumix","url":"https:\/\/blog.panasonic.es\/lumix\/","logo":{"@type":"ImageObject","inLanguage":"es","@id":"https:\/\/blog.panasonic.es\/lumix\/#\/schema\/logo\/image\/","url":"https:\/\/blog.panasonic.es\/lumix\/wp-content\/uploads\/2021\/09\/logo-blanco.svg","contentUrl":"https:\/\/blog.panasonic.es\/lumix\/wp-content\/uploads\/2021\/09\/logo-blanco.svg","width":309,"height":38,"caption":"Lumix"},"image":{"@id":"https:\/\/blog.panasonic.es\/lumix\/#\/schema\/logo\/image\/"}}]}},"_links":{"self":[{"href":"https:\/\/blog.panasonic.es\/lumix\/wp-json\/wp\/v2\/pages\/27518","targetHints":{"allow":["GET"]}}],"collection":[{"href":"https:\/\/blog.panasonic.es\/lumix\/wp-json\/wp\/v2\/pages"}],"about":[{"href":"https:\/\/blog.panasonic.es\/lumix\/wp-json\/wp\/v2\/types\/page"}],"author":[{"embeddable":true,"href":"https:\/\/blog.panasonic.es\/lumix\/wp-json\/wp\/v2\/users\/5"}],"replies":[{"embeddable":true,"href":"https:\/\/blog.panasonic.es\/lumix\/wp-json\/wp\/v2\/comments?post=27518"}],"version-history":[{"count":3,"href":"https:\/\/blog.panasonic.es\/lumix\/wp-json\/wp\/v2\/pages\/27518\/revisions"}],"predecessor-version":[{"id":29515,"href":"https:\/\/blog.panasonic.es\/lumix\/wp-json\/wp\/v2\/pages\/27518\/revisions\/29515"}],"wp:attachment":[{"href":"https:\/\/blog.panasonic.es\/lumix\/wp-json\/wp\/v2\/media?parent=27518"}],"curies":[{"name":"wp","href":"https:\/\/api.w.org\/{rel}","templated":true}]}}